{"id":52,"date":"2022-05-02T19:13:16","date_gmt":"2022-05-02T19:13:16","guid":{"rendered":"https:\/\/revalkv.ee\/?page_id=52"},"modified":"2022-05-02T19:34:26","modified_gmt":"2022-05-02T19:34:26","slug":"reval-kinnisvara","status":"publish","type":"page","link":"https:\/\/revalkv.ee\/","title":{"rendered":"Reval Kinnisvara"},"content":{"rendered":"\n<div class=\"wp-block-media-text alignwide is-stacked-on-mobile is-image-fill is-style-twentytwentyone-border has-blue-background-color has-background\"><figure class=\"wp-block-media-text__media\" style=\"background-image:url(https:\/\/revalkv.ee\/wp-content\/uploads\/2022\/05\/harmen-jelle-van-mourik-0yfWDwHOB0g-unsplash-300x199.jpg);background-position:50% 50%\"><img loading=\"lazy\" decoding=\"async\" width=\"300\" height=\"199\" src=\"https:\/\/revalkv.ee\/wp-content\/uploads\/2022\/05\/harmen-jelle-van-mourik-0yfWDwHOB0g-unsplash-300x199.jpg\" alt=\"\" class=\"wp-image-54 size-medium\" srcset=\"https:\/\/revalkv.ee\/wp-content\/uploads\/2022\/05\/harmen-jelle-van-mourik-0yfWDwHOB0g-unsplash-300x199.jpg 300w, https:\/\/revalkv.ee\/wp-content\/uploads\/2022\/05\/harmen-jelle-van-mourik-0yfWDwHOB0g-unsplash-1024x680.jpg 1024w, https:\/\/revalkv.ee\/wp-content\/uploads\/2022\/05\/harmen-jelle-van-mourik-0yfWDwHOB0g-unsplash-768x510.jpg 768w, https:\/\/revalkv.ee\/wp-content\/uploads\/2022\/05\/harmen-jelle-van-mourik-0yfWDwHOB0g-unsplash-1536x1020.jpg 1536w, https:\/\/revalkv.ee\/wp-content\/uploads\/2022\/05\/harmen-jelle-van-mourik-0yfWDwHOB0g-unsplash-2048x1360.jpg 2048w\" sizes=\"auto, (max-width: 300px) 100vw, 300px\" \/><\/figure><div class=\"wp-block-media-text__content\">\n<p><strong>TEGEVUSVALDKONNAD<\/strong><\/p>\n\n\n\n<ul class=\"wp-block-list\"><li>korterite ostu-, m\u00fc\u00fcgi- ja \u00fc\u00fcritehingute vahendamine<\/li><li>eramute ostu-, m\u00fc\u00fcgi- ja \u00fc\u00fcritehingute vahendamine<\/li><li>maa (kruntide) ostu-, m\u00fc\u00fcgitehingute s\u00f5lmimine<\/li><li>\u00e4ri- ja b\u00fcroopindade ostu-, m\u00fc\u00fcgitehingute vahendamine<\/li><li>kinnisvaraarendus<\/li><li>kinnisvara maksustamisealased konsultatsioonid&nbsp;<\/li><\/ul>\n<\/div><\/div>\n\n\n\n<p><\/p>\n","protected":false},"excerpt":{"rendered":"<p>TEGEVUSVALDKONNAD korterite ostu-, m\u00fc\u00fcgi- ja \u00fc\u00fcritehingute vahendamine eramute ostu-, m\u00fc\u00fcgi- ja \u00fc\u00fcritehingute vahendamine maa (kruntide) ostu-, m\u00fc\u00fcgitehingute s\u00f5lmimine \u00e4ri- ja b\u00fcroopindade ostu-, m\u00fc\u00fcgitehingute vahendamine kinnisvaraarendus kinnisvara maksustamisealased konsultatsioonid&nbsp;<\/p>\n","protected":false},"author":1,"featured_media":0,"parent":0,"menu_order":0,"comment_status":"closed","ping_status":"closed","template":"","meta":{"footnotes":""},"class_list":["post-52","page","type-page","status-publish","hentry","entry"],"_links":{"self":[{"href":"https:\/\/revalkv.ee\/index.php?rest_route=\/wp\/v2\/pages\/52","targetHints":{"allow":["GET"]}}],"collection":[{"href":"https:\/\/revalkv.ee\/index.php?rest_route=\/wp\/v2\/pages"}],"about":[{"href":"https:\/\/revalkv.ee\/index.php?rest_route=\/wp\/v2\/types\/page"}],"author":[{"embeddable":true,"href":"https:\/\/revalkv.ee\/index.php?rest_route=\/wp\/v2\/users\/1"}],"replies":[{"embeddable":true,"href":"https:\/\/revalkv.ee\/index.php?rest_route=%2Fwp%2Fv2%2Fcomments&post=52"}],"version-history":[{"count":6,"href":"https:\/\/revalkv.ee\/index.php?rest_route=\/wp\/v2\/pages\/52\/revisions"}],"predecessor-version":[{"id":68,"href":"https:\/\/revalkv.ee\/index.php?rest_route=\/wp\/v2\/pages\/52\/revisions\/68"}],"wp:attachment":[{"href":"https:\/\/revalkv.ee\/index.php?rest_route=%2Fwp%2Fv2%2Fmedia&parent=52"}],"curies":[{"name":"wp","href":"https:\/\/api.w.org\/{rel}","templated":true}]}}